{"id":473,"date":"2024-11-05T12:58:42","date_gmt":"2024-11-05T12:58:42","guid":{"rendered":"https:\/\/audio-ai.pl\/kurs\/?post_type=product&#038;p=473"},"modified":"2024-11-08T16:43:40","modified_gmt":"2024-11-08T16:43:40","slug":"kurs-online-seo-gpt-plus-mentor","status":"publish","type":"product","link":"https:\/\/audio-ai.pl\/kurs\/produkt\/kurs-online-seo-gpt-plus-mentor\/","title":{"rendered":"Kurs online: SEO GPT plus MENTOR"},"content":{"rendered":"<p>Skr\u00f3cony regulamin kursu:<\/p>\n<p>1. Kurs trwa trzy miesi\u0105ce. W tym okresie ka\u017cdy uczestnik kursu ma prawo zada\u0107 prowadz\u0105cemu kurs nieograniczon\u0105 ilo\u015b\u0107 pyta\u0144. Na odpowied\u017a prowadz\u0105cy kurs ma 24-do 48 godzin.<\/p>\n<p>2. W losowych, wyt\u0142umaczalnych przypadkach termin ten mo\u017ce ulec wyd\u0142u\u017ceniu.<\/p>\n<p>3. Pytania musz\u0105 dotyczy\u0107 przedmiotu kursu.<\/p>\n<p>4.\u00a0 Po okresie trwania kursu te\u017c mo\u017cna zadawa\u0107 pytania, ale nikt nie b\u0119dzie mia\u0142 obowi\u0105zku odpowiedzi w terminie obj\u0119tym umow\u0105.<\/p>\n<p>5. Sklep audio-ai.pl sprzedaje promesy, na kt\u00f3rych jest adres kursu. Posiadanie promesy, po weryfikacji adresu e-mail i op\u0142aty za kurs uprawnia do wzi\u0119cia udzia\u0142u w kursie.<\/p>\n","protected":false},"excerpt":{"rendered":"<p>Nasze motto: Nie ma g\u0142upich pyta\u0144, s\u0105 tylko g\u0142upie odpowiedzi.<\/p>\n<p>Pytania dotycz\u0105ce przedmiotu kursu mo\u017cna zadawa\u0107 albo czatowi GTP albo MENTOROWI. Wychodzimy z za\u0142o\u017cenia \u017ce je\u015bli nie czat to cz\u0142owiek, na pewno zna odpowied\u017a.<br \/>\nInformacje o tym jakie nowoczesne mechanizmy stosujemy  mo\u017cna obejrze\u0107 poni\u017cej: <iframe loading=\"lazy\" width=\"560\" height=\"315\" src=\"https:\/\/www.youtube.com\/embed\/WxNCRT18wUA?si=TVivjZ7AEC5AYCdQ\" title=\"YouTube video player\" frameborder=\"0\" allow=\"accelerometer; autoplay; clipboard-write; encrypted-media; gyroscope; picture-in-picture; web-share\" referrerpolicy=\"strict-origin-when-cross-origin\" allowfullscreen><\/iframe><br \/>\nSzkolenie jest indywidualne. Umo\u017cliwia to metoda online.\u00a0 Ca\u0142e szkolenie sk\u0142ada si\u0119 z dw\u00f3ch cz\u0119\u015bci. W ka\u017cdej chwili, ka\u017cdy uczestnik kursu mo\u017ce zada\u0107 MENTOROWI nieograniczon\u0105 ilo\u015b\u0107 pyta\u0144, je\u017celiby czego\u015b nie rozumia\u0142. Albo nie rozumia\u0142 j\u0119zyka czata.<br \/>\nKurs b\u0119dzie si\u0119 odbywa\u0142 na specjalnie przygotowanej stronie www. Adres tej strony jest na promesie kursu, kt\u00f3r\u0105 mo\u017cna kupi\u0107 w naszym sklepie. Strona kursu mo\u017ce by\u0107 dodatkowo zabezpieczona has\u0142em.<\/p>\n","protected":false},"featured_media":474,"comment_status":"open","ping_status":"closed","template":"","meta":{"slim_seo":[]},"product_cat":[15],"product_tag":[],"class_list":{"0":"post-473","1":"product","2":"type-product","3":"status-publish","4":"has-post-thumbnail","6":"product_cat-bez-kategorii","8":"first","9":"instock","10":"sale","11":"downloadable","12":"virtual","13":"sold-individually","14":"purchasable","15":"product-type-simple","16":"czr-hentry"},"_links":{"self":[{"href":"https:\/\/audio-ai.pl\/kurs\/wp-json\/wp\/v2\/product\/473","targetHints":{"allow":["GET"]}}],"collection":[{"href":"https:\/\/audio-ai.pl\/kurs\/wp-json\/wp\/v2\/product"}],"about":[{"href":"https:\/\/audio-ai.pl\/kurs\/wp-json\/wp\/v2\/types\/product"}],"replies":[{"embeddable":true,"href":"https:\/\/audio-ai.pl\/kurs\/wp-json\/wp\/v2\/comments?post=473"}],"wp:featuredmedia":[{"embeddable":true,"href":"https:\/\/audio-ai.pl\/kurs\/wp-json\/wp\/v2\/media\/474"}],"wp:attachment":[{"href":"https:\/\/audio-ai.pl\/kurs\/wp-json\/wp\/v2\/media?parent=473"}],"wp:term":[{"taxonomy":"product_cat","embeddable":true,"href":"https:\/\/audio-ai.pl\/kurs\/wp-json\/wp\/v2\/product_cat?post=473"},{"taxonomy":"product_tag","embeddable":true,"href":"https:\/\/audio-ai.pl\/kurs\/wp-json\/wp\/v2\/product_tag?post=473"}],"curies":[{"name":"wp","href":"https:\/\/api.w.org\/{rel}","templated":true}]}}