{"id":489,"date":"2024-11-27T11:20:56","date_gmt":"2024-11-27T11:20:56","guid":{"rendered":"https:\/\/audio-ai.pl\/kurs\/?post_type=product&#038;p=489"},"modified":"2024-11-27T12:01:30","modified_gmt":"2024-11-27T12:01:30","slug":"seo-link-gpt-sprawdzanie-linkow-metoda-gpt","status":"publish","type":"product","link":"https:\/\/audio-ai.pl\/kurs\/produkt\/seo-link-gpt-sprawdzanie-linkow-metoda-gpt\/","title":{"rendered":"SEO LINK GPT (Sprawdzanie link\u00f3w metod\u0105 GPT)"},"content":{"rendered":"<p>Skr\u00f3cony regulamin:<\/p>\n<p>1. Us\u0142ug\u0119 wykonujemy w ci\u0105gu jednego tygodnia od daty zidentyfikowania zakupu.<\/p>\n<p>2. W losowych, wyt\u0142umaczalnych przypadkach termin ten mo\u017ce ulec wyd\u0142u\u017ceniu.<\/p>\n<p>3. PDF &#8211; dokument zawieraj\u0105ce informacje o dzia\u0142aj\u0105cych i nie dzia\u0142aj\u0105cych linkach zostanie przes\u0142any do zamawiaj\u0105cego poczt\u0105 elektroniczn\u0105.<\/p>\n<p>4. Sklep audio-ai.pl sprzedaje promesy. Posiadanie promesy, po weryfikacji adresu e-mail i op\u0142aty za us\u0142ug\u0119 uprawnia do reklamacji us\u0142ugi.<\/p>\n","protected":false},"excerpt":{"rendered":"<p>Nie dzia\u0142aj\u0105cy link to strata pieni\u0119dzy. Bo klient mo\u017ce nie dowiedzie\u0107 si\u0119 o ofercie firmy.<br \/>A trudno r\u0119cznie sprawdza\u0107 linki. Kt\u00f3re mog\u0105 nie dzia\u0142a\u0107.<\/p>\n","protected":false},"featured_media":293,"comment_status":"open","ping_status":"closed","template":"","meta":{"slim_seo":[]},"product_cat":[15],"product_tag":[],"class_list":{"0":"post-489","1":"product","2":"type-product","3":"status-publish","4":"has-post-thumbnail","6":"product_cat-bez-kategorii","8":"first","9":"instock","10":"sale","11":"downloadable","12":"virtual","13":"sold-individually","14":"purchasable","15":"product-type-simple","16":"czr-hentry"},"_links":{"self":[{"href":"https:\/\/audio-ai.pl\/kurs\/wp-json\/wp\/v2\/product\/489","targetHints":{"allow":["GET"]}}],"collection":[{"href":"https:\/\/audio-ai.pl\/kurs\/wp-json\/wp\/v2\/product"}],"about":[{"href":"https:\/\/audio-ai.pl\/kurs\/wp-json\/wp\/v2\/types\/product"}],"replies":[{"embeddable":true,"href":"https:\/\/audio-ai.pl\/kurs\/wp-json\/wp\/v2\/comments?post=489"}],"wp:featuredmedia":[{"embeddable":true,"href":"https:\/\/audio-ai.pl\/kurs\/wp-json\/wp\/v2\/media\/293"}],"wp:attachment":[{"href":"https:\/\/audio-ai.pl\/kurs\/wp-json\/wp\/v2\/media?parent=489"}],"wp:term":[{"taxonomy":"product_cat","embeddable":true,"href":"https:\/\/audio-ai.pl\/kurs\/wp-json\/wp\/v2\/product_cat?post=489"},{"taxonomy":"product_tag","embeddable":true,"href":"https:\/\/audio-ai.pl\/kurs\/wp-json\/wp\/v2\/product_tag?post=489"}],"curies":[{"name":"wp","href":"https:\/\/api.w.org\/{rel}","templated":true}]}}